{"id":2,"date":"2026-02-03T11:31:42","date_gmt":"2026-02-03T11:31:42","guid":{"rendered":"https:\/\/peluqueriastylo.rkinformatika.online\/?page_id=2"},"modified":"2026-02-03T15:06:11","modified_gmt":"2026-02-03T15:06:11","slug":"inicio","status":"publish","type":"page","link":"https:\/\/peluqueriastylo.com\/eu\/","title":{"rendered":"Hasiera"},"content":{"rendered":"\t\t<div data-elementor-type=\"wp-page\" data-elementor-id=\"2\" class=\"elementor elementor-2\" data-elementor-post-type=\"page\">\n\t\t\t\t<div class=\"elementor-element elementor-element-b49d603 e-flex e-con-boxed e-con e-parent\" data-id=\"b49d603\" data-element_type=\"container\" data-e-type=\"container\" data-settings=\"{&quot;background_background&quot;:&quot;slideshow&quot;,&quot;background_slideshow_transition_duration&quot;:1000,&quot;background_slideshow_ken_burns_zoom_direction&quot;:&quot;out&quot;,&quot;background_slideshow_gallery&quot;:[{&quot;id&quot;:167,&quot;url&quot;:&quot;https:\\\/\\\/peluqueriastylo.com\\\/wp-content\\\/uploads\\\/2026\\\/02\\\/IMG-20251215-WA0201-Arantxa-Uria-scaled.jpg&quot;},{&quot;id&quot;:170,&quot;url&quot;:&quot;https:\\\/\\\/peluqueriastylo.com\\\/wp-content\\\/uploads\\\/2026\\\/02\\\/IMG-20251215-WA0113-Arantxa-Uria-scaled.jpg&quot;},{&quot;id&quot;:171,&quot;url&quot;:&quot;https:\\\/\\\/peluqueriastylo.com\\\/wp-content\\\/uploads\\\/2026\\\/02\\\/IMG-20251215-WA0105-Arantxa-Uria-scaled.jpg&quot;}],&quot;background_slideshow_ken_burns&quot;:&quot;yes&quot;,&quot;background_slideshow_loop&quot;:&quot;yes&quot;,&quot;background_slideshow_slide_duration&quot;:5000,&quot;background_slideshow_slide_transition&quot;:&quot;fade&quot;}\">\n\t\t\t\t\t<div class=\"e-con-inner\">\n\t\t<div class=\"elementor-element elementor-element-7197298 e-con-full e-flex e-con e-child\" data-id=\"7197298\" data-element_type=\"container\" data-e-type=\"container\">\n\t\t\t\t<div class=\"elementor-element elementor-element-b849ccf elementor-widget-tablet__width-inherit elementor-invisible elementor-widget elementor-widget-heading\" data-id=\"b849ccf\" data-element_type=\"widget\" data-e-type=\"widget\" data-settings=\"{&quot;_animation&quot;:&quot;fadeInLeft&quot;}\" data-widget_type=\"heading.default\">\n\t\t\t\t\t<h2 class=\"elementor-heading-title elementor-size-default\">Peluquer\u00eda de se\u00f1ora y caballero <\/h2>\t\t\t\t<\/div>\n\t\t\t\t<\/div>\n\t\t\t\t\t<\/div>\n\t\t\t\t<\/div>\n\t\t<div class=\"elementor-element elementor-element-8c4443c e-flex e-con-boxed e-con e-parent\" data-id=\"8c4443c\" data-element_type=\"container\" data-e-type=\"container\" data-settings=\"{&quot;background_background&quot;:&quot;classic&quot;}\">\n\t\t\t\t\t<div class=\"e-con-inner\">\n\t\t<div class=\"elementor-element elementor-element-1d08268 e-con-full e-flex elementor-invisible e-con e-child\" data-id=\"1d08268\" data-element_type=\"container\" data-e-type=\"container\" data-settings=\"{&quot;animation&quot;:&quot;fadeInLeft&quot;,&quot;animation_delay&quot;:300}\">\n\t\t\t\t<div class=\"elementor-element elementor-element-5e649b9 elementor-flip-box--effect-slide elementor-flip-box--direction-up elementor-widget elementor-widget-flip-box\" data-id=\"5e649b9\" data-element_type=\"widget\" data-e-type=\"widget\" data-widget_type=\"flip-box.default\">\n\t\t\t\t\t\t\t<div class=\"elementor-flip-box\" tabindex=\"0\">\n\t\t\t<div class=\"elementor-flip-box__layer elementor-flip-box__front\">\n\t\t\t\t<div class=\"elementor-flip-box__layer__overlay\">\n\t\t\t\t\t<div class=\"elementor-flip-box__layer__inner\">\n\t\t\t\t\t\t\n\t\t\t\t\t\t\n\t\t\t\t\t\t\t\t\t\t\t<\/div>\n\t\t\t\t<\/div>\n\t\t\t<\/div>\n\t\t\t<div class=\"elementor-flip-box__layer elementor-flip-box__back\">\n\t\t\t<div class=\"elementor-flip-box__layer__overlay\">\n\t\t\t\t<div class=\"elementor-flip-box__layer__inner\">\n\t\t\t\t\t\n\t\t\t\t\t\n\t\t\t\t\t\t\t\t<\/div>\n\t\t<\/div>\n\t\t<\/div>\n\t\t<\/div>\n\t\t\t\t\t\t<\/div>\n\t\t\t\t<\/div>\n\t\t<div class=\"elementor-element elementor-element-8a0b2d9 e-con-full e-flex e-con e-child\" data-id=\"8a0b2d9\" data-element_type=\"container\" data-e-type=\"container\">\n\t\t\t\t<div class=\"elementor-element elementor-element-944a788 elementor-widget-divider--view-line_text elementor-widget-divider--element-align-center elementor-widget elementor-widget-divider\" data-id=\"944a788\" data-element_type=\"widget\" data-e-type=\"widget\" data-widget_type=\"divider.default\">\n\t\t\t\t\t\t\t<div class=\"elementor-divider\">\n\t\t\t<span class=\"elementor-divider-separator\">\n\t\t\t\t\t\t\t<span class=\"elementor-divider__text elementor-divider__element\">\n\t\t\t\tAranzazu Uria Gago\t\t\t\t<\/span>\n\t\t\t\t\t\t<\/span>\n\t\t<\/div>\n\t\t\t\t\t\t<\/div>\n\t\t\t\t<div class=\"elementor-element elementor-element-a74f857 elementor-widget__width-initial elementor-invisible elementor-widget elementor-widget-heading\" data-id=\"a74f857\" data-element_type=\"widget\" data-e-type=\"widget\" data-settings=\"{&quot;_animation&quot;:&quot;fadeInUp&quot;}\" data-widget_type=\"heading.default\">\n\t\t\t\t\t<h2 class=\"elementor-heading-title elementor-size-default\">Con\u00f3cenos<\/h2>\t\t\t\t<\/div>\n\t\t\t\t<div class=\"elementor-element elementor-element-9837395 elementor-widget elementor-widget-text-editor\" data-id=\"9837395\" data-element_type=\"widget\" data-e-type=\"widget\" data-widget_type=\"text-editor.default\">\n\t\t\t\t\t\t\t\t\t<p>Est\u00e1 Peluquer\u00eda lleva una trayectoria de varias d\u00e9cadas, durante las cuales hemos logrado establecer una s\u00f3lida reputaci\u00f3n en el sector de la belleza.<\/p>\n<p>Nos enorgullece ofrecer una gran variedad de estilismos personalizados que se adaptan a las necesidades y deseos de cada uno de nuestros clientes.<\/p>\n<p>Adem\u00e1s de los trabajos de peluquer\u00eda que incluyen cortes y servicios de color, tambi\u00e9n realizamos tratamientos personalizados que ayudan a mejorar la salud del cabello, proporcionando un cuidado integral que resalta la belleza natural de cada persona.<\/p>\t\t\t\t\t\t\t\t<\/div>\n\t\t\t\t<\/div>\n\t\t\t\t\t<\/div>\n\t\t\t\t<\/div>\n\t\t<div class=\"elementor-element elementor-element-0bc2a3e e-flex e-con-boxed e-con e-parent\" data-id=\"0bc2a3e\" data-element_type=\"container\" data-e-type=\"container\" data-settings=\"{&quot;background_background&quot;:&quot;classic&quot;}\">\n\t\t\t\t\t<div class=\"e-con-inner\">\n\t\t<div class=\"elementor-element elementor-element-1f66a98 e-con-full e-flex e-con e-child\" data-id=\"1f66a98\" data-element_type=\"container\" data-e-type=\"container\" data-settings=\"{&quot;background_background&quot;:&quot;classic&quot;}\">\n\t\t\t\t<div class=\"elementor-element elementor-element-10e86e0 elementor-invisible elementor-widget elementor-widget-heading\" data-id=\"10e86e0\" data-element_type=\"widget\" data-e-type=\"widget\" data-settings=\"{&quot;_animation&quot;:&quot;zoomIn&quot;}\" data-widget_type=\"heading.default\">\n\t\t\t\t\t<h2 class=\"elementor-heading-title elementor-size-default\">\u00a1Cuidamos tu cabello y tu estilo, para que te veas como quieres verte!<\/h2>\t\t\t\t<\/div>\n\t\t\t\t<div class=\"elementor-element elementor-element-ab0dcb4 elementor-invisible elementor-widget elementor-widget-heading\" data-id=\"ab0dcb4\" data-element_type=\"widget\" data-e-type=\"widget\" data-settings=\"{&quot;_animation&quot;:&quot;zoomIn&quot;}\" data-widget_type=\"heading.default\">\n\t\t\t\t\t<h2 class=\"elementor-heading-title elementor-size-default\">\u00a1Cortes con personalidad!<\/h2>\t\t\t\t<\/div>\n\t\t\t\t<div class=\"elementor-element elementor-element-edd182a elementor-align-center elementor-invisible elementor-widget elementor-widget-button\" data-id=\"edd182a\" data-element_type=\"widget\" data-e-type=\"widget\" data-settings=\"{&quot;_animation&quot;:&quot;zoomIn&quot;}\" data-widget_type=\"button.default\">\n\t\t\t\t\t\t\t\t\t\t<a class=\"elementor-button elementor-button-link elementor-size-sm elementor-animation-hang\" href=\"\/servicios\">\n\t\t\t\t\t\t<span class=\"elementor-button-content-wrapper\">\n\t\t\t\t\t\t\t\t\t<span class=\"elementor-button-text\">Servicios<\/span>\n\t\t\t\t\t<\/span>\n\t\t\t\t\t<\/a>\n\t\t\t\t\t\t\t\t<\/div>\n\t\t\t\t<\/div>\n\t\t\t\t\t<\/div>\n\t\t\t\t<\/div>\n\t\t<div class=\"elementor-element elementor-element-73d0d72 e-flex e-con-boxed e-con e-parent\" data-id=\"73d0d72\" data-element_type=\"container\" data-e-type=\"container\" data-settings=\"{&quot;background_background&quot;:&quot;classic&quot;}\">\n\t\t\t\t\t<div class=\"e-con-inner\">\n\t\t<div class=\"elementor-element elementor-element-0fc8d6c e-con-full e-flex elementor-invisible e-con e-child\" data-id=\"0fc8d6c\" data-element_type=\"container\" data-e-type=\"container\" data-settings=\"{&quot;animation&quot;:&quot;fadeInLeft&quot;,&quot;animation_delay&quot;:300}\">\n\t\t\t\t<div class=\"elementor-element elementor-element-57f3005 elementor-flip-box--effect-slide elementor-flip-box--direction-up elementor-widget elementor-widget-flip-box\" data-id=\"57f3005\" data-element_type=\"widget\" data-e-type=\"widget\" data-widget_type=\"flip-box.default\">\n\t\t\t\t\t\t\t<div class=\"elementor-flip-box\" tabindex=\"0\">\n\t\t\t<div class=\"elementor-flip-box__layer elementor-flip-box__front\">\n\t\t\t\t<div class=\"elementor-flip-box__layer__overlay\">\n\t\t\t\t\t<div class=\"elementor-flip-box__layer__inner\">\n\t\t\t\t\t\t\n\t\t\t\t\t\t\n\t\t\t\t\t\t\t\t\t\t\t<\/div>\n\t\t\t\t<\/div>\n\t\t\t<\/div>\n\t\t\t<div class=\"elementor-flip-box__layer elementor-flip-box__back\">\n\t\t\t<div class=\"elementor-flip-box__layer__overlay\">\n\t\t\t\t<div class=\"elementor-flip-box__layer__inner\">\n\t\t\t\t\t\n\t\t\t\t\t\n\t\t\t\t\t\t\t\t<\/div>\n\t\t<\/div>\n\t\t<\/div>\n\t\t<\/div>\n\t\t\t\t\t\t<\/div>\n\t\t\t\t<\/div>\n\t\t<div class=\"elementor-element elementor-element-3f51dec e-con-full e-flex e-con e-child\" data-id=\"3f51dec\" data-element_type=\"container\" data-e-type=\"container\">\n\t\t\t\t<div class=\"elementor-element elementor-element-e2633b1 elementor-flip-box--effect-slide elementor-flip-box--direction-up elementor-widget elementor-widget-flip-box\" data-id=\"e2633b1\" data-element_type=\"widget\" data-e-type=\"widget\" data-widget_type=\"flip-box.default\">\n\t\t\t\t\t\t\t<div class=\"elementor-flip-box\" tabindex=\"0\">\n\t\t\t<div class=\"elementor-flip-box__layer elementor-flip-box__front\">\n\t\t\t\t<div class=\"elementor-flip-box__layer__overlay\">\n\t\t\t\t\t<div class=\"elementor-flip-box__layer__inner\">\n\t\t\t\t\t\t\n\t\t\t\t\t\t\n\t\t\t\t\t\t\t\t\t\t\t<\/div>\n\t\t\t\t<\/div>\n\t\t\t<\/div>\n\t\t\t<div class=\"elementor-flip-box__layer elementor-flip-box__back\">\n\t\t\t<div class=\"elementor-flip-box__layer__overlay\">\n\t\t\t\t<div class=\"elementor-flip-box__layer__inner\">\n\t\t\t\t\t\n\t\t\t\t\t\n\t\t\t\t\t\t\t\t<\/div>\n\t\t<\/div>\n\t\t<\/div>\n\t\t<\/div>\n\t\t\t\t\t\t<\/div>\n\t\t\t\t<\/div>\n\t\t\t\t\t<\/div>\n\t\t\t\t<\/div>\n\t\t\t\t<\/div>\n\t\t","protected":false},"excerpt":{"rendered":"<p>Peluquer\u00eda de se\u00f1ora y caballero Aranzazu Uria Gago Con\u00f3cenos Est\u00e1 Peluquer\u00eda lleva una trayectoria de varias d\u00e9cadas, durante las cuales hemos logrado establecer una s\u00f3lida reputaci\u00f3n en el sector de la belleza. Nos enorgullece ofrecer una gran variedad de estilismos personalizados que se adaptan a las necesidades y deseos de cada uno de nuestros clientes. [&hellip;]<\/p>\n","protected":false},"author":1,"featured_media":0,"parent":0,"menu_order":0,"comment_status":"closed","ping_status":"closed","template":"elementor_canvas","meta":{"footnotes":""},"class_list":["post-2","page","type-page","status-publish","hentry"],"yoast_head":"<!-- This site is optimized with the Yoast SEO plugin v27.3 - https:\/\/yoast.com\/product\/yoast-seo-wordpress\/ -->\n<title>Inicio - Peluquer\u00eda Stylo<\/title>\n<meta name=\"robots\" content=\"index, follow, max-snippet:-1, max-image-preview:large, max-video-preview:-1\" \/>\n<link rel=\"canonical\" href=\"https:\/\/peluqueriastylo.com\/eu\/\" \/>\n<meta property=\"og:locale\" content=\"en_US\" \/>\n<meta property=\"og:type\" content=\"article\" \/>\n<meta property=\"og:title\" content=\"Inicio - Peluquer\u00eda Stylo\" \/>\n<meta property=\"og:description\" content=\"Peluquer\u00eda de se\u00f1ora y caballero Aranzazu Uria Gago Con\u00f3cenos Est\u00e1 Peluquer\u00eda lleva una trayectoria de varias d\u00e9cadas, durante las cuales hemos logrado establecer una s\u00f3lida reputaci\u00f3n en el sector de la belleza. Nos enorgullece ofrecer una gran variedad de estilismos personalizados que se adaptan a las necesidades y deseos de cada uno de nuestros clientes. [&hellip;]\" \/>\n<meta property=\"og:url\" content=\"https:\/\/peluqueriastylo.com\/eu\/\" \/>\n<meta property=\"og:site_name\" content=\"Peluquer\u00eda Stylo\" \/>\n<meta property=\"article:modified_time\" content=\"2026-02-03T15:06:11+00:00\" \/>\n<meta name=\"twitter:card\" content=\"summary_large_image\" \/>\n<meta name=\"twitter:label1\" content=\"Est. reading time\" \/>\n\t<meta name=\"twitter:data1\" content=\"1 minutua\" \/>\n<script type=\"application\/ld+json\" class=\"yoast-schema-graph\">{\"@context\":\"https:\\\/\\\/schema.org\",\"@graph\":[{\"@type\":\"WebPage\",\"@id\":\"https:\\\/\\\/peluqueriastylo.com\\\/\",\"url\":\"https:\\\/\\\/peluqueriastylo.com\\\/\",\"name\":\"Inicio - Peluquer\u00eda Stylo\",\"isPartOf\":{\"@id\":\"https:\\\/\\\/peluqueriastylo.com\\\/#website\"},\"datePublished\":\"2026-02-03T11:31:42+00:00\",\"dateModified\":\"2026-02-03T15:06:11+00:00\",\"breadcrumb\":{\"@id\":\"https:\\\/\\\/peluqueriastylo.com\\\/#breadcrumb\"},\"inLanguage\":\"eu\",\"potentialAction\":[{\"@type\":\"ReadAction\",\"target\":[\"https:\\\/\\\/peluqueriastylo.com\\\/\"]}]},{\"@type\":\"BreadcrumbList\",\"@id\":\"https:\\\/\\\/peluqueriastylo.com\\\/#breadcrumb\",\"itemListElement\":[{\"@type\":\"ListItem\",\"position\":1,\"name\":\"Portada\",\"item\":\"https:\\\/\\\/peluqueriastylo.com\\\/\"},{\"@type\":\"ListItem\",\"position\":2,\"name\":\"Inicio\"}]},{\"@type\":\"WebSite\",\"@id\":\"https:\\\/\\\/peluqueriastylo.com\\\/#website\",\"url\":\"https:\\\/\\\/peluqueriastylo.com\\\/\",\"name\":\"Peluquer\u00eda Stylo\",\"description\":\"Peluquer\u00eda Stylo\",\"publisher\":{\"@id\":\"https:\\\/\\\/peluqueriastylo.com\\\/#organization\"},\"potentialAction\":[{\"@type\":\"SearchAction\",\"target\":{\"@type\":\"EntryPoint\",\"urlTemplate\":\"https:\\\/\\\/peluqueriastylo.com\\\/?s={search_term_string}\"},\"query-input\":{\"@type\":\"PropertyValueSpecification\",\"valueRequired\":true,\"valueName\":\"search_term_string\"}}],\"inLanguage\":\"eu\"},{\"@type\":\"Organization\",\"@id\":\"https:\\\/\\\/peluqueriastylo.com\\\/#organization\",\"name\":\"Peluquer\u00eda Stylo\",\"url\":\"https:\\\/\\\/peluqueriastylo.com\\\/\",\"logo\":{\"@type\":\"ImageObject\",\"inLanguage\":\"eu\",\"@id\":\"https:\\\/\\\/peluqueriastylo.com\\\/#\\\/schema\\\/logo\\\/image\\\/\",\"url\":\"https:\\\/\\\/peluqueriastylo.com\\\/wp-content\\\/uploads\\\/2026\\\/02\\\/logo_web.png\",\"contentUrl\":\"https:\\\/\\\/peluqueriastylo.com\\\/wp-content\\\/uploads\\\/2026\\\/02\\\/logo_web.png\",\"width\":2250,\"height\":632,\"caption\":\"Peluquer\u00eda Stylo\"},\"image\":{\"@id\":\"https:\\\/\\\/peluqueriastylo.com\\\/#\\\/schema\\\/logo\\\/image\\\/\"}}]}<\/script>\n<!-- \/ Yoast SEO plugin. -->","yoast_head_json":{"title":"Inicio - Peluquer\u00eda Stylo","robots":{"index":"index","follow":"follow","max-snippet":"max-snippet:-1","max-image-preview":"max-image-preview:large","max-video-preview":"max-video-preview:-1"},"canonical":"https:\/\/peluqueriastylo.com\/eu\/","og_locale":"en_US","og_type":"article","og_title":"Inicio - Peluquer\u00eda Stylo","og_description":"Peluquer\u00eda de se\u00f1ora y caballero Aranzazu Uria Gago Con\u00f3cenos Est\u00e1 Peluquer\u00eda lleva una trayectoria de varias d\u00e9cadas, durante las cuales hemos logrado establecer una s\u00f3lida reputaci\u00f3n en el sector de la belleza. Nos enorgullece ofrecer una gran variedad de estilismos personalizados que se adaptan a las necesidades y deseos de cada uno de nuestros clientes. [&hellip;]","og_url":"https:\/\/peluqueriastylo.com\/eu\/","og_site_name":"Peluquer\u00eda Stylo","article_modified_time":"2026-02-03T15:06:11+00:00","twitter_card":"summary_large_image","twitter_misc":{"Est. reading time":"1 minutua"},"schema":{"@context":"https:\/\/schema.org","@graph":[{"@type":"WebPage","@id":"https:\/\/peluqueriastylo.com\/","url":"https:\/\/peluqueriastylo.com\/","name":"Inicio - Peluquer\u00eda Stylo","isPartOf":{"@id":"https:\/\/peluqueriastylo.com\/#website"},"datePublished":"2026-02-03T11:31:42+00:00","dateModified":"2026-02-03T15:06:11+00:00","breadcrumb":{"@id":"https:\/\/peluqueriastylo.com\/#breadcrumb"},"inLanguage":"eu","potentialAction":[{"@type":"ReadAction","target":["https:\/\/peluqueriastylo.com\/"]}]},{"@type":"BreadcrumbList","@id":"https:\/\/peluqueriastylo.com\/#breadcrumb","itemListElement":[{"@type":"ListItem","position":1,"name":"Portada","item":"https:\/\/peluqueriastylo.com\/"},{"@type":"ListItem","position":2,"name":"Inicio"}]},{"@type":"WebSite","@id":"https:\/\/peluqueriastylo.com\/#website","url":"https:\/\/peluqueriastylo.com\/","name":"Peluquer\u00eda Stylo","description":"Peluquer\u00eda Stylo","publisher":{"@id":"https:\/\/peluqueriastylo.com\/#organization"},"potentialAction":[{"@type":"SearchAction","target":{"@type":"EntryPoint","urlTemplate":"https:\/\/peluqueriastylo.com\/?s={search_term_string}"},"query-input":{"@type":"PropertyValueSpecification","valueRequired":true,"valueName":"search_term_string"}}],"inLanguage":"eu"},{"@type":"Organization","@id":"https:\/\/peluqueriastylo.com\/#organization","name":"Peluquer\u00eda Stylo","url":"https:\/\/peluqueriastylo.com\/","logo":{"@type":"ImageObject","inLanguage":"eu","@id":"https:\/\/peluqueriastylo.com\/#\/schema\/logo\/image\/","url":"https:\/\/peluqueriastylo.com\/wp-content\/uploads\/2026\/02\/logo_web.png","contentUrl":"https:\/\/peluqueriastylo.com\/wp-content\/uploads\/2026\/02\/logo_web.png","width":2250,"height":632,"caption":"Peluquer\u00eda Stylo"},"image":{"@id":"https:\/\/peluqueriastylo.com\/#\/schema\/logo\/image\/"}}]}},"_links":{"self":[{"href":"https:\/\/peluqueriastylo.com\/eu\/wp-json\/wp\/v2\/pages\/2","targetHints":{"allow":["GET"]}}],"collection":[{"href":"https:\/\/peluqueriastylo.com\/eu\/wp-json\/wp\/v2\/pages"}],"about":[{"href":"https:\/\/peluqueriastylo.com\/eu\/wp-json\/wp\/v2\/types\/page"}],"author":[{"embeddable":true,"href":"https:\/\/peluqueriastylo.com\/eu\/wp-json\/wp\/v2\/users\/1"}],"replies":[{"embeddable":true,"href":"https:\/\/peluqueriastylo.com\/eu\/wp-json\/wp\/v2\/comments?post=2"}],"version-history":[{"count":55,"href":"https:\/\/peluqueriastylo.com\/eu\/wp-json\/wp\/v2\/pages\/2\/revisions"}],"predecessor-version":[{"id":278,"href":"https:\/\/peluqueriastylo.com\/eu\/wp-json\/wp\/v2\/pages\/2\/revisions\/278"}],"wp:attachment":[{"href":"https:\/\/peluqueriastylo.com\/eu\/wp-json\/wp\/v2\/media?parent=2"}],"curies":[{"name":"wp","href":"https:\/\/api.w.org\/{rel}","templated":true}]}}